{"id":301,"date":"2024-01-26T13:07:34","date_gmt":"2024-01-26T12:07:34","guid":{"rendered":"https:\/\/relaunch.xtrade-gmbh.de\/?page_id=301"},"modified":"2024-02-15T08:20:18","modified_gmt":"2024-02-15T07:20:18","slug":"","status":"publish","type":"page","link":"https:\/\/relaunch.xtrade-gmbh.de\/en\/impressum\/","title":{"rendered":"Legal Notice","raw":"Legal Notice"},"content":{"rendered":"\n<p>X-Trade GmbH<br>K\u00f6rbelitzer Str. 7<br>39126 Magdeburg<br>Germany<\/p>\n\n\n\n<p>Phone: +49 (0) 391 \/ 819 019 09<br>Fax: +49 (0) 391 \/ 819 019 01<br>Email: <a>info@xtrade-gmbh.de<\/a><\/p>\n\n\n\n<p>Managing Directors: Ren\u00e9 Buhe, Sascha Rosenau <br>IT Director: Gunnar Borchardt <br>Commercial Register: Stendal District Court HRB 115136 <br>VAT ID No. according to \u00a727 a German Value Added Tax Act: DE814628905<\/p>\n","protected":false,"raw":"<!-- wp:paragraph -->\n<p>X-Trade GmbH<br>K\u00f6rbelitzer Str. 7<br>39126 Magdeburg<br>Germany<\/p>\n<!-- \/wp:paragraph -->\n\n<!-- wp:paragraph -->\n<p>Phone: +49 (0) 391 \/ 819 019 09<br>Fax: +49 (0) 391 \/ 819 019 01<br>Email: <a>info@xtrade-gmbh.de<\/a><\/p>\n<!-- \/wp:paragraph -->\n\n<!-- wp:paragraph -->\n<p>Managing Directors: Ren\u00e9 Buhe, Sascha Rosenau <br>IT Director: Gunnar Borchardt <br>Commercial Register: Stendal District Court HRB 115136 <br>VAT ID No. according to \u00a727 a German Value Added Tax Act: DE814628905<\/p>\n<!-- \/wp:paragraph -->"},"excerpt":{"rendered":"","protected":false,"raw":""},"author":1,"featured_media":0,"parent":0,"menu_order":0,"comment_status":"closed","ping_status":"closed","template":"page.php","meta":{"_de_post_content":"<!-- wp:paragraph -->\n<p>X-Trade GmbH<br>K\u00f6rbelitzer Str. 7<br>39126 Magdeburg<br>Deutschland<\/p>\n<!-- \/wp:paragraph -->\n\n<!-- wp:paragraph {\"style\":{\"typography\":{\"fontSize\":\"20px\"}}} -->\n<p style=\"font-size:20px\">Telefon: +49 (0) 391 \/ 819 019 09<br>Fax: +49 (0) 391 \/ 819 019 01<br>E-Mail:&nbsp;<a href=\"mailto:info@xtrade-gmbh.de\">info@xtrade-gmbh.de<\/a><\/p>\n<!-- \/wp:paragraph -->\n\n<!-- wp:paragraph -->\n<p>Gesch\u00e4ftsf\u00fchrer: Ren\u00e9 Buhe, Sascha Rosenau<br>Gesch\u00e4ftsf\u00fchrer IT: Gunnar Borchardt<br>Handelsregister: Amtsgericht Stendal HRB 115136<br>USt.-ID. gem\u00e4\u00df \u00a727 a Umsatzsteuergesetz: DE814628905<\/p>\n<!-- \/wp:paragraph -->\n\n<!-- wp:spacer -->\n<div style=\"height:100px\" aria-hidden=\"true\" class=\"wp-block-spacer\"><\/div>\n<!-- \/wp:spacer -->","_de_post_name":"impressum","_de_post_excerpt":"","_de_post_title":"Impressum","_en_post_content":"<!-- wp:paragraph -->\n<p>X-Trade GmbH<br>K\u00f6rbelitzer Str. 7<br>39126 Magdeburg<br>Germany<\/p>\n<!-- \/wp:paragraph -->\n\n<!-- wp:paragraph -->\n<p>Phone: +49 (0) 391 \/ 819 019 09<br>Fax: +49 (0) 391 \/ 819 019 01<br>Email: <a>info@xtrade-gmbh.de<\/a><\/p>\n<!-- \/wp:paragraph -->\n\n<!-- wp:paragraph -->\n<p>Managing Directors: Ren\u00e9 Buhe, Sascha Rosenau <br>IT Director: Gunnar Borchardt <br>Commercial Register: Stendal District Court HRB 115136 <br>VAT ID No. according to \u00a727 a German Value Added Tax Act: DE814628905<\/p>\n<!-- \/wp:paragraph -->","_en_post_name":"","_en_post_excerpt":"","_en_post_title":"Legal Notice","edit_language":"en","footnotes":""},"class_list":["post-301","page","type-page","status-publish","hentry"],"_links":{"self":[{"href":"https:\/\/relaunch.xtrade-gmbh.de\/en\/wp-json\/wp\/v2\/pages\/301","targetHints":{"allow":["GET"]}}],"collection":[{"href":"https:\/\/relaunch.xtrade-gmbh.de\/en\/wp-json\/wp\/v2\/pages"}],"about":[{"href":"https:\/\/relaunch.xtrade-gmbh.de\/en\/wp-json\/wp\/v2\/types\/page"}],"author":[{"embeddable":true,"href":"https:\/\/relaunch.xtrade-gmbh.de\/en\/wp-json\/wp\/v2\/users\/1"}],"replies":[{"embeddable":true,"href":"https:\/\/relaunch.xtrade-gmbh.de\/en\/wp-json\/wp\/v2\/comments?post=301"}],"version-history":[{"count":5,"href":"https:\/\/relaunch.xtrade-gmbh.de\/en\/wp-json\/wp\/v2\/pages\/301\/revisions"}],"predecessor-version":[{"id":492,"href":"https:\/\/relaunch.xtrade-gmbh.de\/en\/wp-json\/wp\/v2\/pages\/301\/revisions\/492"}],"wp:attachment":[{"href":"https:\/\/relaunch.xtrade-gmbh.de\/en\/wp-json\/wp\/v2\/media?parent=301"}],"curies":[{"name":"wp","href":"https:\/\/api.w.org\/{rel}","templated":true}]}}